{"id":115,"date":"2017-08-28T07:30:13","date_gmt":"2017-08-28T07:30:13","guid":{"rendered":"http:\/\/fw-hohenthann.de\/?page_id=115"},"modified":"2020-01-01T20:09:36","modified_gmt":"2020-01-01T20:09:36","slug":"archiv","status":"publish","type":"page","link":"https:\/\/fw-hohenthann.de\/?page_id=115","title":{"rendered":"Archiv"},"content":{"rendered":"<p>Unser Archiv<\/p>\n<p><a href=\"https:\/\/fw-hohenthann.de\/?page_id=544\">Freie W\u00e4hler Hohenthann 2019<\/a><\/p>\n<p><a href=\"https:\/\/fw-hohenthann.de\/?page_id=453\">Wahlen 2018<\/a><\/p>\n<p><a href=\"https:\/\/fw-hohenthann.de\/?page_id=351\">Freie W\u00e4hler Hohenthann 2018<\/a><\/p>\n<p><a href=\"https:\/\/fw-hohenthann.de\/?page_id=48\">Freie W\u00e4hler Hohenthann 2017<\/a><\/p>\n<p><a href=\"https:\/\/fw-hohenthann.de\/wp-content\/uploads\/2017\/08\/Freie-W\u00e4hler-Hohenthann-2016.pdf\" target=\"_blank\" rel=\"noopener noreferrer\">Freie W\u00e4hler Hohenthann 2016<\/a><\/p>\n<p><a href=\"https:\/\/fw-hohenthann.de\/wp-content\/uploads\/2017\/08\/Freie-W\u00e4hler-Hohenthann-2015.pdf\" target=\"_blank\" rel=\"noopener noreferrer\">Freie W\u00e4hler Hohenthann 2015<\/a><\/p>\n<p><a href=\"https:\/\/fw-hohenthann.de\/wp-content\/uploads\/2017\/08\/Freie-W\u00e4hler-Hohenthann-2014.pdf\" target=\"_blank\" rel=\"noopener noreferrer\">Freie W\u00e4hler Hohenthann 2014<\/a><\/p>\n<p><a href=\"https:\/\/fw-hohenthann.de\/wp-content\/uploads\/2017\/08\/Freie-W\u00e4hler-Hohenthann-2013.pdf\" target=\"_blank\" rel=\"noopener noreferrer\">Freie W\u00e4hler Hohenthann 2013<\/a><\/p>\n<p><a href=\"https:\/\/fw-hohenthann.de\/wp-content\/uploads\/2017\/08\/Freie-W\u00e4hler-Hohenthann-2012.pdf\" target=\"_blank\" rel=\"noopener noreferrer\">Freie W\u00e4hler Hohenthann 2012<\/a><\/p>\n<p><a href=\"https:\/\/fw-hohenthann.de\/wp-content\/uploads\/2017\/08\/Freie-W\u00e4hler-Hohenthann-2011.pdf\" target=\"_blank\" rel=\"noopener noreferrer\">Freie W\u00e4hler Hohenthann 2011<\/a><\/p>\n<p><a href=\"https:\/\/fw-hohenthann.de\/wp-content\/uploads\/2017\/08\/Freie-W\u00e4hler-Hohenthann-2010.pdf\" target=\"_blank\" rel=\"noopener noreferrer\">Freie W\u00e4hler Hohenthann 2010<\/a><\/p>\n<p><a href=\"https:\/\/fw-hohenthann.de\/wp-content\/uploads\/2017\/08\/Freie-W\u00e4hler-Hohenthann-2009.pdf\" target=\"_blank\" rel=\"noopener noreferrer\">Freie W\u00e4hler Hohenthann 2009<\/a><\/p>\n<p><a href=\"https:\/\/fw-hohenthann.de\/wp-content\/uploads\/2017\/08\/Freie-W\u00e4hler-Hohenthann-2008.pdf\" target=\"_blank\" rel=\"noopener noreferrer\">Freie W\u00e4hler Hohenthann 2008<\/a><\/p>\n<p><a href=\"https:\/\/fw-hohenthann.de\/wp-content\/uploads\/2017\/08\/Freie-W\u00e4hler-Hohenthann-2007.pdf\" target=\"_blank\" rel=\"noopener noreferrer\">Freie W\u00e4hler Hohenthann 2007<\/a><\/p>\n<p><a href=\"https:\/\/fw-hohenthann.de\/wp-content\/uploads\/2017\/08\/chronik_1984_2006.pdf\" target=\"_blank\" rel=\"noopener noreferrer\">Freie-W\u00e4hler-Hohenthann-1984-2006<\/a><\/p>\n<p><a href=\"https:\/\/fw-hohenthann.de\/?page_id=262\">Archiv Kommunalwahlen<\/a><\/p>\n","protected":false},"excerpt":{"rendered":"<p>Unser Archiv Freie W\u00e4hler Hohenthann 2019 Wahlen 2018 Freie W\u00e4hler Hohenthann 2018 Freie W\u00e4hler Hohenthann 2017 Freie W\u00e4hler Hohenthann 2016 Freie W\u00e4hler Hohenthann 2015 Freie W\u00e4hler Hohenthann 2014 Freie W\u00e4hler Hohenthann 2013 Freie W\u00e4hler Hohenthann 2012 Freie W\u00e4hler Hohenthann 2011 Freie W\u00e4hler Hohenthann 2010 Freie W\u00e4hler Hohenthann 2009 Freie W\u00e4hler Hohenthann 2008 Freie W\u00e4hler Hohenthann &hellip; <\/p>\n<p class=\"link-more\"><a href=\"https:\/\/fw-hohenthann.de\/?page_id=115\" class=\"more-link\"><span class=\"screen-reader-text\">\u201eArchiv\u201c <\/span>weiterlesen<\/a><\/p>\n","protected":false},"author":1,"featured_media":0,"parent":0,"menu_order":0,"comment_status":"closed","ping_status":"closed","template":"","meta":{"footnotes":""},"class_list":["post-115","page","type-page","status-publish","hentry"],"_links":{"self":[{"href":"https:\/\/fw-hohenthann.de\/index.php?rest_route=\/wp\/v2\/pages\/115","targetHints":{"allow":["GET"]}}],"collection":[{"href":"https:\/\/fw-hohenthann.de\/index.php?rest_route=\/wp\/v2\/pages"}],"about":[{"href":"https:\/\/fw-hohenthann.de\/index.php?rest_route=\/wp\/v2\/types\/page"}],"author":[{"embeddable":true,"href":"https:\/\/fw-hohenthann.de\/index.php?rest_route=\/wp\/v2\/users\/1"}],"replies":[{"embeddable":true,"href":"https:\/\/fw-hohenthann.de\/index.php?rest_route=%2Fwp%2Fv2%2Fcomments&post=115"}],"version-history":[{"count":20,"href":"https:\/\/fw-hohenthann.de\/index.php?rest_route=\/wp\/v2\/pages\/115\/revisions"}],"predecessor-version":[{"id":1111,"href":"https:\/\/fw-hohenthann.de\/index.php?rest_route=\/wp\/v2\/pages\/115\/revisions\/1111"}],"wp:attachment":[{"href":"https:\/\/fw-hohenthann.de\/index.php?rest_route=%2Fwp%2Fv2%2Fmedia&parent=115"}],"curies":[{"name":"wp","href":"https:\/\/api.w.org\/{rel}","templated":true}]}}