{"id":1280,"date":"2020-01-26T21:52:09","date_gmt":"2020-01-26T21:52:09","guid":{"rendered":"http:\/\/fw-hohenthann.de\/?page_id=1280"},"modified":"2020-02-20T17:55:59","modified_gmt":"2020-02-20T17:55:59","slug":"downloads-zur-wahl-2020","status":"publish","type":"page","link":"https:\/\/fw-hohenthann.de\/?page_id=1280","title":{"rendered":"Downloads zur Wahl 2020"},"content":{"rendered":"\n<p>Hier k\u00f6nnen Sie aktuelle Informationsbl\u00e4tter herunterladen.<\/p>\n\n\n\n<p>Freie W\u00e4hler Hohenthann<br><a rel=\"noreferrer noopener\" aria-label=\" (\u00f6ffnet in neuem Tab)\" href=\"https:\/\/fw-hohenthann.de\/wp-content\/uploads\/2019\/12\/2019-12-01-info-01.pdf\" target=\"_blank\">Infoblatt-01<\/a><br><a rel=\"noreferrer noopener\" aria-label=\" (\u00f6ffnet in neuem Tab)\" href=\"https:\/\/fw-hohenthann.de\/wp-content\/uploads\/2020\/01\/2020-01-15-info-02.pdf\" target=\"_blank\">Infoblatt-02<\/a><br><a href=\"https:\/\/fw-hohenthann.de\/wp-content\/uploads\/2020\/02\/2020-02-10-info-03-1.pdf\" target=\"_blank\" rel=\"noreferrer noopener\" aria-label=\"Infoblatt-03 (\u00f6ffnet in neuem Tab)\">Infoblatt-03<\/a><\/p>\n\n\n\n<p>Freie W\u00e4hler im Landkreis Landsut<br><a href=\"https:\/\/fw-hohenthann.de\/wp-content\/uploads\/2020\/01\/2020-01-17-FW-Kandidaten-Kreistag.pdf\" target=\"_blank\" rel=\"noreferrer noopener\" aria-label=\" (\u00f6ffnet in neuem Tab)\">Unsere Kandidaten f\u00fcr den Kreistag<\/a><\/p>\n","protected":false},"excerpt":{"rendered":"<p>Hier k\u00f6nnen Sie aktuelle Informationsbl\u00e4tter herunterladen. Freie W\u00e4hler HohenthannInfoblatt-01Infoblatt-02Infoblatt-03 Freie W\u00e4hler im Landkreis LandsutUnsere Kandidaten f\u00fcr den Kreistag<\/p>\n","protected":false},"author":1,"featured_media":0,"parent":0,"menu_order":0,"comment_status":"closed","ping_status":"closed","template":"","meta":{"footnotes":""},"class_list":["post-1280","page","type-page","status-publish","hentry"],"_links":{"self":[{"href":"https:\/\/fw-hohenthann.de\/index.php?rest_route=\/wp\/v2\/pages\/1280","targetHints":{"allow":["GET"]}}],"collection":[{"href":"https:\/\/fw-hohenthann.de\/index.php?rest_route=\/wp\/v2\/pages"}],"about":[{"href":"https:\/\/fw-hohenthann.de\/index.php?rest_route=\/wp\/v2\/types\/page"}],"author":[{"embeddable":true,"href":"https:\/\/fw-hohenthann.de\/index.php?rest_route=\/wp\/v2\/users\/1"}],"replies":[{"embeddable":true,"href":"https:\/\/fw-hohenthann.de\/index.php?rest_route=%2Fwp%2Fv2%2Fcomments&post=1280"}],"version-history":[{"count":10,"href":"https:\/\/fw-hohenthann.de\/index.php?rest_route=\/wp\/v2\/pages\/1280\/revisions"}],"predecessor-version":[{"id":1373,"href":"https:\/\/fw-hohenthann.de\/index.php?rest_route=\/wp\/v2\/pages\/1280\/revisions\/1373"}],"wp:attachment":[{"href":"https:\/\/fw-hohenthann.de\/index.php?rest_route=%2Fwp%2Fv2%2Fmedia&parent=1280"}],"curies":[{"name":"wp","href":"https:\/\/api.w.org\/{rel}","templated":true}]}}