{"id":177,"date":"2017-08-29T20:40:46","date_gmt":"2017-08-29T20:40:46","guid":{"rendered":"http:\/\/fw-hohenthann.de\/?page_id=177"},"modified":"2019-06-24T21:36:02","modified_gmt":"2019-06-24T21:36:02","slug":"mitglied-werden","status":"publish","type":"page","link":"https:\/\/fw-hohenthann.de\/?page_id=177","title":{"rendered":"Mitglied werden"},"content":{"rendered":"<p><strong>Werden Sie Mitglied werden bei den Freien W\u00e4hlern in Hohenthann<\/strong><\/p>\n<p><strong>Unser politisches Verst\u00e4ndnis<\/strong><\/p>\n<ul>\n<li>Die Freien W\u00e4hler engagieren sich ehrenamtlich zum Wohle unserer Gemeinde und ihrer B\u00fcrger.<\/li>\n<li>Die Freien W\u00e4hler orientieren sich nicht an einer Parteiideologie, sondern folgen ihrem Gewissen und suchen nach den besten Sachl\u00f6sungen.<\/li>\n<\/ul>\n<p><strong>Unsere Grunds\u00e4tze<\/strong><\/p>\n<ul>\n<li>Wir arbeiten zum Wohle der B\u00fcrgerinnen und B\u00fcrger unserer Gemeinde.<\/li>\n<li>Wir sind fair und tolerant.Wir bewahren das Gute und verbessern es.<\/li>\n<li>Wir f\u00fchren einen offenen und informativen Dialog mit der B\u00fcrgerschaft.<\/li>\n<\/ul>\n\n\n<p>Bitte landen Sie sich den Aufnahmeantrag und die dazu geh\u00f6rende Datenschutzerkl\u00e4rung herunter<\/p>\n\n\n\n<div class=\"wp-block-file\"><a href=\"https:\/\/fw-hohenthann.de\/wp-content\/uploads\/2019\/06\/Aufnahmeantrag_Stand_06_2019.pdf\">Aufnahmeantrag_Stand_06_2019<\/a><a href=\"https:\/\/fw-hohenthann.de\/wp-content\/uploads\/2019\/06\/Aufnahmeantrag_Stand_06_2019.pdf\" class=\"wp-block-file__button\" download>Herunterladen<\/a><\/div>\n\n\n\n<div class=\"wp-block-file\"><a href=\"https:\/\/fw-hohenthann.de\/wp-content\/uploads\/2019\/06\/Datenschutzerkl\u00e4rung_Stand_06_2019.pdf\">Datenschutzerkl\u00e4rung_Stand_06_2019<\/a><a href=\"https:\/\/fw-hohenthann.de\/wp-content\/uploads\/2019\/06\/Datenschutzerkl\u00e4rung_Stand_06_2019.pdf\" class=\"wp-block-file__button\" download>Herunterladen<\/a><\/div>\n","protected":false},"excerpt":{"rendered":"<p>Werden Sie Mitglied werden bei den Freien W\u00e4hlern in Hohenthann Unser politisches Verst\u00e4ndnis Die Freien W\u00e4hler engagieren sich ehrenamtlich zum Wohle unserer Gemeinde und ihrer B\u00fcrger. Die Freien W\u00e4hler orientieren sich nicht an einer Parteiideologie, sondern folgen ihrem Gewissen und suchen nach den besten Sachl\u00f6sungen. Unsere Grunds\u00e4tze Wir arbeiten zum Wohle der B\u00fcrgerinnen und B\u00fcrger &hellip; <\/p>\n<p class=\"link-more\"><a href=\"https:\/\/fw-hohenthann.de\/?page_id=177\" class=\"more-link\"><span class=\"screen-reader-text\">\u201eMitglied werden\u201c <\/span>weiterlesen<\/a><\/p>\n","protected":false},"author":1,"featured_media":0,"parent":0,"menu_order":0,"comment_status":"closed","ping_status":"closed","template":"","meta":{"footnotes":""},"class_list":["post-177","page","type-page","status-publish","hentry"],"_links":{"self":[{"href":"https:\/\/fw-hohenthann.de\/index.php?rest_route=\/wp\/v2\/pages\/177","targetHints":{"allow":["GET"]}}],"collection":[{"href":"https:\/\/fw-hohenthann.de\/index.php?rest_route=\/wp\/v2\/pages"}],"about":[{"href":"https:\/\/fw-hohenthann.de\/index.php?rest_route=\/wp\/v2\/types\/page"}],"author":[{"embeddable":true,"href":"https:\/\/fw-hohenthann.de\/index.php?rest_route=\/wp\/v2\/users\/1"}],"replies":[{"embeddable":true,"href":"https:\/\/fw-hohenthann.de\/index.php?rest_route=%2Fwp%2Fv2%2Fcomments&post=177"}],"version-history":[{"count":7,"href":"https:\/\/fw-hohenthann.de\/index.php?rest_route=\/wp\/v2\/pages\/177\/revisions"}],"predecessor-version":[{"id":665,"href":"https:\/\/fw-hohenthann.de\/index.php?rest_route=\/wp\/v2\/pages\/177\/revisions\/665"}],"wp:attachment":[{"href":"https:\/\/fw-hohenthann.de\/index.php?rest_route=%2Fwp%2Fv2%2Fmedia&parent=177"}],"curies":[{"name":"wp","href":"https:\/\/api.w.org\/{rel}","templated":true}]}}