{"id":182,"date":"2017-09-01T21:12:38","date_gmt":"2017-09-01T21:12:38","guid":{"rendered":"http:\/\/fw-hohenthann.de\/?page_id=182"},"modified":"2017-09-25T20:43:40","modified_gmt":"2017-09-25T20:43:40","slug":"links-ins-internet","status":"publish","type":"page","link":"https:\/\/fw-hohenthann.de\/?page_id=182","title":{"rendered":"Links ins Internet"},"content":{"rendered":"\n<table id=\"tablepress-9\" class=\"tablepress tablepress-id-9\" aria-describedby=\"tablepress-9-description\">\n<tbody class=\"row-striping\">\n<tr class=\"row-1\">\n\t<td class=\"column-1\"><a href=\"http:\/\/www.hohenthann.de\" target=\"_blank\">Gemeinde Hohenthann<\/a><\/td><td class=\"column-2\"><a href=\"http:\/\/www.fw-bayern.de\" target=\"_blank\">Freie W\u00e4hler in Bayern<\/a><\/td>\n<\/tr>\n<tr class=\"row-2\">\n\t<td class=\"column-1\"><a href=\"https:\/\/www.fw-landkreis-landshut.de\/\" target=\"_blank\">Freie W\u00e4hler im Landkreis Landshut<\/a><\/td><td class=\"column-2\"><a href=\"http:\/\/www.fw-landtag.de\" target=\"_blank\">Freie W\u00e4hler im bay. Landtag<\/a><\/td>\n<\/tr>\n<tr class=\"row-3\">\n\t<td class=\"column-1\"><a href=\"http:\/\/www.peter-dreier.de\" target=\"_blank\">Unser Landrat Peter Dreier<\/a><\/td><td class=\"column-2\"><a href=\"http:\/\/www.freiewaehler.eu\/startseite\/\" target=\"_blank\">Freie W\u00e4hler Deutschland<\/a><\/td>\n<\/tr>\n<tr class=\"row-4\">\n\t<td class=\"column-1\"><a href=\"http:\/\/www.bpb.de\" target=\"_blank\">Bundeszentrale f\u00fcr politische Bildung<\/a><\/td><td class=\"column-2\"><\/td>\n<\/tr>\n<tr class=\"row-5\">\n\t<td class=\"column-1\"><\/td><td class=\"column-2\"><\/td>\n<\/tr>\n<tr class=\"row-6\">\n\t<td class=\"column-1\"><a href=\"https:\/\/geoportal.bayern.de\/bayernatlas\/?topic=ba&amp;lang=de&amp;bgLayer=atkis&amp;catalogNodes=11,122\" target=\"_blank\">Bayern Atlas<\/a><\/td><td class=\"column-2\"><a href=\"https:\/\/www.statistik.bayern.de\/statistikkommunal\/00178.php\" target=\"_blank\">Bay. Statistik<\/a><\/td>\n<\/tr>\n<tr class=\"row-7\">\n\t<td class=\"column-1\"><\/td><td class=\"column-2\"><\/td>\n<\/tr>\n<tr class=\"row-8\">\n\t<td class=\"column-1\"><\/td><td class=\"column-2\"><\/td>\n<\/tr>\n<tr class=\"row-9\">\n\t<td class=\"column-1\"><\/td><td class=\"column-2\"><\/td>\n<\/tr>\n<tr class=\"row-10\">\n\t<td class=\"column-1\"><\/td><td class=\"column-2\"><\/td>\n<\/tr>\n<tr class=\"row-11\">\n\t<td class=\"column-1\"><\/td><td class=\"column-2\"><\/td>\n<\/tr>\n<tr class=\"row-12\">\n\t<td class=\"column-1\"><\/td><td class=\"column-2\"><\/td>\n<\/tr>\n<tr class=\"row-13\">\n\t<td class=\"column-1\"><\/td><td class=\"column-2\"><\/td>\n<\/tr>\n<\/tbody>\n<\/table>\n<span id=\"tablepress-9-description\" class=\"tablepress-table-description tablepress-table-description-id-9\">Trotz sorgf\u00e4ltiger inhaltlicher Kontrolle \u00fcbernehmen wir keine Haftung f\u00fcr die Inhalte externer Links. F\u00fcr die Inhalte der verlinkten Seiten sind ausschlie\u00dflich deren Betreiber verantwortlich.<\/span>\n<!-- #tablepress-9 from cache -->\n","protected":false},"excerpt":{"rendered":"","protected":false},"author":1,"featured_media":0,"parent":0,"menu_order":0,"comment_status":"closed","ping_status":"closed","template":"","meta":{"footnotes":""},"class_list":["post-182","page","type-page","status-publish","hentry"],"_links":{"self":[{"href":"https:\/\/fw-hohenthann.de\/index.php?rest_route=\/wp\/v2\/pages\/182","targetHints":{"allow":["GET"]}}],"collection":[{"href":"https:\/\/fw-hohenthann.de\/index.php?rest_route=\/wp\/v2\/pages"}],"about":[{"href":"https:\/\/fw-hohenthann.de\/index.php?rest_route=\/wp\/v2\/types\/page"}],"author":[{"embeddable":true,"href":"https:\/\/fw-hohenthann.de\/index.php?rest_route=\/wp\/v2\/users\/1"}],"replies":[{"embeddable":true,"href":"https:\/\/fw-hohenthann.de\/index.php?rest_route=%2Fwp%2Fv2%2Fcomments&post=182"}],"version-history":[{"count":2,"href":"https:\/\/fw-hohenthann.de\/index.php?rest_route=\/wp\/v2\/pages\/182\/revisions"}],"predecessor-version":[{"id":186,"href":"https:\/\/fw-hohenthann.de\/index.php?rest_route=\/wp\/v2\/pages\/182\/revisions\/186"}],"wp:attachment":[{"href":"https:\/\/fw-hohenthann.de\/index.php?rest_route=%2Fwp%2Fv2%2Fmedia&parent=182"}],"curies":[{"name":"wp","href":"https:\/\/api.w.org\/{rel}","templated":true}]}}