{"id":2372,"date":"2025-10-06T20:11:14","date_gmt":"2025-10-06T20:11:14","guid":{"rendered":"https:\/\/fw-hohenthann.de\/?page_id=2372"},"modified":"2026-03-11T21:48:53","modified_gmt":"2026-03-11T21:48:53","slug":"kommunalwahl-am-08-maerz-2026","status":"publish","type":"page","link":"https:\/\/fw-hohenthann.de\/?page_id=2372","title":{"rendered":"Kommunalwahl am Sonntag, den 08. M\u00e4rz 2026"},"content":{"rendered":"\n<p class=\"has-black-color has-luminous-vivid-amber-background-color has-text-color has-background has-link-color has-medium-font-size wp-elements-e5e238a33e290a063ae5d33fa6be599e\"><strong>11.03.2026<br>Vorl\u00e4ufiges Ergebnis der Gemeinderatswahl.<br>Unsere sechs gew\u00e4hlten Kandidaten:<\/strong><br>Zieglmayer Rudi<br>Zenger Johannes<br>Blechschmidt Stefan<br>Hummel Robert<br>Haumberger Alexander<br>Butz Peter<br><strong><mark style=\"background-color:#ffffff\" class=\"has-inline-color has-black-color\">Wir bedanken uns f\u00fcr Ihr Vertrauen.<\/mark><\/strong><\/p>\n\n\n\n<p class=\"has-text-align-center has-electric-grass-gradient-background has-background has-medium-font-size\">Wahl der Gemeinder\u00e4te | Wahl zum Amt des B\u00fcrgermeisters<br>Wahl der Kreisr\u00e4te | Wahl zum Amt des Landrates<br>Infos zu Terminen, Wahlrecht und Ablauf klick &gt;<a href=\"https:\/\/www.stmi.bayern.de\/wahlen-und-abstimmungen\/kommunalwahlen\/\" target=\"_blank\" rel=\"noreferrer noopener\">hier<\/a>&lt;<\/p>\n\n\n\n<p class=\"has-text-align-center has-bright-red-color has-luminous-vivid-amber-background-color has-text-color has-background has-link-color has-medium-font-size wp-elements-8afc64c5a6de7e90a1256c7c13898a26\" style=\"text-decoration:none\"><strong>Die Freien W\u00e4hler Hohenthann stellen sich zur Wahl<\/strong><br>B\u00fcrgernah | Ehrlich | Gemeinsam stark<br><mark style=\"background-color:#ffffff\" class=\"has-inline-color has-vivid-red-color\">Unterst\u00fctzen Sie uns bei der Wahl am 8. M\u00e4rz 2026<\/mark><\/p>\n\n\n\n<p class=\"has-text-align-center has-pale-cyan-blue-background-color has-background has-medium-font-size\">Danke f\u00fcr Ihr Interesse an unserer Seite zur Kommunalwahl 2026.<br>Lesen Sie hier folgende Informationen:<br>Unser <strong>Veranstaltungskalender <\/strong>| Unsere <strong>Kandidaten <\/strong>zum Gemeinderat<br>Unsere Kandidaten f\u00fcr den <strong>Kreistag <\/strong>| &#8222;Unser&#8220; <strong>Landratskandidat<\/strong><br>\u2193\u2193 Bitte scrollen Sie weiter nach unten. \u2193\u2193<\/p>\n\n\n\n<p class=\"has-text-align-center has-black-color has-text-color has-background has-link-color has-medium-font-size wp-elements-4953cc5224d5b480193379c4945f939e\" style=\"background:radial-gradient(rgb(202,248,128) 76%,rgb(113,206,126) 100%)\"><strong><mark style=\"background-color:#ffffff\" class=\"has-inline-color has-vivid-red-color\">Unser ausf\u00fchrliches Wahlprogramm finden Sie &gt;<a href=\"https:\/\/fw-hohenthann.de\/wp-content\/uploads\/2025\/12\/260308-fw-hohenthann-wahlprogramm-a.pdf\" target=\"_blank\" rel=\"noreferrer noopener\">hier<\/a>&lt;.<\/mark><\/strong><br><br>Ihre Meinung und Themen sind uns wichtig.<br><strong><mark style=\"background-color:#ffffff\" class=\"has-inline-color has-vivid-red-color\">Unseren Fragebogen finden Sie &gt;<a href=\"https:\/\/docs.google.com\/forms\/d\/e\/1FAIpQLSfDTwhWg2COHvLcap98J--eXeli7du9Zlm4wSQS59Y2jbpdgg\/viewform?pli=1\" target=\"_blank\" rel=\"noreferrer noopener\">hier<\/a>&lt;<\/mark><\/strong><br><br>Noch mehr Informationen bei <a href=\"https:\/\/www.facebook.com\/Freie-W%C3%A4hler-Hohenthann-1090208937822506\/?view_public_for=1090208937822506\" target=\"_blank\" rel=\"noreferrer noopener\">Facebook <\/a>und <a href=\"https:\/\/www.instagram.com\/freie_waehler_hohenthann\/?hl=de\" target=\"_blank\" rel=\"noreferrer noopener\">Instagramm<\/a><\/p>\n\n\n\n<figure class=\"wp-block-image size-large\"><img loading=\"lazy\" decoding=\"async\" width=\"819\" height=\"1024\" src=\"https:\/\/fw-hohenthann.de\/wp-content\/uploads\/2025\/12\/251216-kandidaten-26-819x1024.jpg\" alt=\"\" class=\"wp-image-2512\" srcset=\"https:\/\/fw-hohenthann.de\/wp-content\/uploads\/2025\/12\/251216-kandidaten-26-819x1024.jpg 819w, https:\/\/fw-hohenthann.de\/wp-content\/uploads\/2025\/12\/251216-kandidaten-26-240x300.jpg 240w, https:\/\/fw-hohenthann.de\/wp-content\/uploads\/2025\/12\/251216-kandidaten-26-768x960.jpg 768w, https:\/\/fw-hohenthann.de\/wp-content\/uploads\/2025\/12\/251216-kandidaten-26.jpg 1080w\" sizes=\"auto, (max-width: 767px) 89vw, (max-width: 1000px) 54vw, (max-width: 1071px) 543px, 580px\" \/><\/figure>\n\n\n<h2 id=\"tablepress-21-name\" class=\"tablepress-table-name tablepress-table-name-id-21\">Kommunalwahl 2026 &#8211; Unser Terminkalender<\/h2>\n\n<table id=\"tablepress-21\" class=\"tablepress tablepress-id-21 tbody-has-connected-cells\" aria-labelledby=\"tablepress-21-name\">\n<thead>\n<tr class=\"row-1\">\n\t<th class=\"column-1\">Termin<\/th><th class=\"column-2\">Ort<\/th><th class=\"column-3\">Beschreibung<\/th>\n<\/tr>\n<\/thead>\n<tbody class=\"row-striping row-hover\">\n<tr class=\"row-2\">\n\t<td class=\"column-1\">13.10.2025<\/td><td class=\"column-2\">Hohenthann<\/td><td class=\"column-3\">Treffen der Gemeinder\u00e4te und der Kandidaten f\u00fcr die Kommunalwahl 2026<\/td>\n<\/tr>\n<tr class=\"row-3\">\n\t<td class=\"column-1\">27.10.2025<\/td><td class=\"column-2\">Mirskofen<\/td><td class=\"column-3\">Aufstellungsversammlung der Freien W\u00e4hler im Landkreis Landshut zur Kommunalwahl 2026 im Gasthaus Luginger Mirskofen. Beginn 19:00 Uhr.<\/td>\n<\/tr>\n<tr class=\"row-4\">\n\t<td class=\"column-1\">17.11.2025<\/td><td class=\"column-2\">Hohenthann<\/td><td class=\"column-3\">Jahreshauptversammlung mit Essen beim Gasthaus Vilser; Beginn 19 Uhr<\/td>\n<\/tr>\n<tr class=\"row-5\">\n\t<td class=\"column-1\">04.12.2025<\/td><td class=\"column-2\">Hohenthann<\/td><td class=\"column-3\">Nominierungsversammlung &#8211; 19 Uhr im Gasthaus Vilser Hohenthann<\/td>\n<\/tr>\n<tr class=\"row-6\">\n\t<td colspan=\"3\" class=\"column-1\"><strong>Unsere Wahlinformationsveranstaltungen 2026<\/strong><\/td>\n<\/tr>\n<tr class=\"row-7\">\n\t<td colspan=\"3\" class=\"column-1\">Wir laden Euch herzlich zu einer Brotzeit ein und freuen uns auf Euer Kommen.<\/td>\n<\/tr>\n<tr class=\"row-8\">\n\t<td class=\"column-1\">So. 18.01.2026<\/td><td class=\"column-2\">Grafenhaun<\/td><td class=\"column-3\">18h00, Gasthaus Heckner<\/td>\n<\/tr>\n<tr class=\"row-9\">\n\t<td class=\"column-1\">Mi. 21.01.2026<\/td><td class=\"column-2\">Eberstall<\/td><td class=\"column-3\">19h00, Gasthaus Pitzl<\/td>\n<\/tr>\n<tr class=\"row-10\">\n\t<td class=\"column-1\">Do. 29.01.2026<\/td><td class=\"column-2\">Wachelkofen<\/td><td class=\"column-3\">19.00, Gasthaus Veitl<\/td>\n<\/tr>\n<tr class=\"row-11\">\n\t<td class=\"column-1\">So. 01.02.2026<\/td><td class=\"column-2\">Schmatzhausen<\/td><td class=\"column-3\">11h00, Gasthaus Pichlmeier<\/td>\n<\/tr>\n<tr class=\"row-12\">\n\t<td class=\"column-1\">Fr. 06.02.2026<\/td><td class=\"column-2\">T\u00fcrkenfeld<\/td><td class=\"column-3\">19h00, Haus der FFW<\/td>\n<\/tr>\n<tr class=\"row-13\">\n\t<td class=\"column-1\">So. 08.02.2026<\/td><td class=\"column-2\">Oberergoldsbach<\/td><td class=\"column-3\">10h30, Gasthaus Hofwirt<\/td>\n<\/tr>\n<tr class=\"row-14\">\n\t<td class=\"column-1\">Di. 10.02.2026<\/td><td class=\"column-2\">Weihenstephan<\/td><td class=\"column-3\">19h00, Gasthaus Hatzl<\/td>\n<\/tr>\n<tr class=\"row-15\">\n\t<td class=\"column-1\">So. 01.03.2026<\/td><td class=\"column-2\">Hohenthann<\/td><td class=\"column-3\">18h00, Gasthaus Vilser<\/td>\n<\/tr>\n<tr class=\"row-16\">\n\t<td class=\"column-1\"><\/td><td class=\"column-2\"><\/td><td class=\"column-3\"><\/td>\n<\/tr>\n<tr class=\"row-17\">\n\t<td class=\"column-1\">08.03.2026<\/td><td class=\"column-2\">Bayernweit<\/td><td class=\"column-3\">Kommunalwahl<\/td>\n<\/tr>\n<\/tbody>\n<\/table>\n<!-- #tablepress-21 from cache -->\n\n<h2 id=\"tablepress-22-name\" class=\"tablepress-table-name tablepress-table-name-id-22\">Unsere Kandidaten 2026 f\u00fcr den Gemeinderat<\/h2>\n\n<table id=\"tablepress-22\" class=\"tablepress tablepress-id-22\" aria-labelledby=\"tablepress-22-name\">\n<thead>\n<tr class=\"row-1\">\n\t<th class=\"column-1\">Nr.<\/th><th class=\"column-2\">Name<\/th><th class=\"column-3\">Wohnort<\/th><th class=\"column-4\">Zu meiner Person<\/th><th class=\"column-5\">Das bin ich<\/th>\n<\/tr>\n<\/thead>\n<tbody class=\"row-striping row-hover\">\n<tr class=\"row-2\">\n\t<td class=\"column-1\">1<\/td><td class=\"column-2\">Stefan Blechschmidt<\/td><td class=\"column-3\">Eberstall<\/td><td class=\"column-4\">49 J., verheiratet, drei Kinder, Notfallsanit\u00e4ter und Teamleiter, Gemeinderat, Sozialfachwirt, aktiv im Rettungsdienst, Vors. Freie W\u00e4hler Hohenthann<\/td><td class=\"column-5\"><img loading=\"lazy\" decoding=\"async\" src=\"https:\/\/fw-hohenthann.de\/wp-content\/uploads\/2025\/12\/251218-blechschmidt.jpg\" alt=\"\" width=\"125\" height=\"143\" class=\"alignnone size-full wp-image-2517\" srcset=\"https:\/\/fw-hohenthann.de\/wp-content\/uploads\/2025\/12\/251218-blechschmidt.jpg 500w, https:\/\/fw-hohenthann.de\/wp-content\/uploads\/2025\/12\/251218-blechschmidt-261x300.jpg 261w\" sizes=\"auto, (max-width: 125px) 100vw, 125px\" \/><\/td>\n<\/tr>\n<tr class=\"row-3\">\n\t<td class=\"column-1\">2<\/td><td class=\"column-2\">Werner M\u00fcller<\/td><td class=\"column-3\">T\u00fcrkenfeld<\/td><td class=\"column-4\">60 J., verheiratet, zwei Kinder, Kriminalbeamter a.D., Gemeinderat \/ Fraktionssprecher, Gr\u00fcndungsvorstand Schul-F\u00f6rderverein, Wasserwacht-Ausbilder<\/td><td class=\"column-5\"><img loading=\"lazy\" decoding=\"async\" src=\"https:\/\/fw-hohenthann.de\/wp-content\/uploads\/2025\/12\/251218-mueller.jpg\" alt=\"\" width=\"125\" height=\"143\" class=\"alignnone size-full wp-image-2525\" srcset=\"https:\/\/fw-hohenthann.de\/wp-content\/uploads\/2025\/12\/251218-mueller.jpg 500w, https:\/\/fw-hohenthann.de\/wp-content\/uploads\/2025\/12\/251218-mueller-261x300.jpg 261w\" sizes=\"auto, (max-width: 125px) 100vw, 125px\" \/><\/td>\n<\/tr>\n<tr class=\"row-4\">\n\t<td class=\"column-1\">3<\/td><td class=\"column-2\">Corinna Kuhnt<\/td><td class=\"column-3\">Hohenthann<\/td><td class=\"column-4\">57 J., ledig, Projektkauffrau, aktives Mitglied Feuerwehr Hohenthann, Hospizbegleiterin, Psychosoziale Notfallversorgung, Ehrenamtlich bei den Maltesern<\/td><td class=\"column-5\"><img loading=\"lazy\" decoding=\"async\" src=\"https:\/\/fw-hohenthann.de\/wp-content\/uploads\/2025\/12\/251218-kuhnt.jpg\" alt=\"\" width=\"125\" height=\"143\" class=\"alignnone size-full wp-image-2528\" srcset=\"https:\/\/fw-hohenthann.de\/wp-content\/uploads\/2025\/12\/251218-kuhnt.jpg 500w, https:\/\/fw-hohenthann.de\/wp-content\/uploads\/2025\/12\/251218-kuhnt-261x300.jpg 261w\" sizes=\"auto, (max-width: 125px) 100vw, 125px\" \/><\/td>\n<\/tr>\n<tr class=\"row-5\">\n\t<td class=\"column-1\">4<\/td><td class=\"column-2\">Alexander Haumberger<\/td><td class=\"column-3\">Penkofen<\/td><td class=\"column-4\">27 J., ledig, Landwirtschaftsmeister, 2. Kdt. Feuerwehr Wachelkofen, Beisitzer BJB Grafenhaun<\/td><td class=\"column-5\"><img loading=\"lazy\" decoding=\"async\" src=\"https:\/\/fw-hohenthann.de\/wp-content\/uploads\/2025\/12\/251218-haumberger.jpg\" alt=\"\" width=\"125\" height=\"143\" class=\"alignnone size-full wp-image-2533\" srcset=\"https:\/\/fw-hohenthann.de\/wp-content\/uploads\/2025\/12\/251218-haumberger.jpg 500w, https:\/\/fw-hohenthann.de\/wp-content\/uploads\/2025\/12\/251218-haumberger-261x300.jpg 261w\" sizes=\"auto, (max-width: 125px) 100vw, 125px\" \/><\/td>\n<\/tr>\n<tr class=\"row-6\">\n\t<td class=\"column-1\">5<\/td><td class=\"column-2\">Marvin Theis<\/td><td class=\"column-3\">T\u00fcrkenfeld<\/td><td class=\"column-4\">27 J., ledig, Bankkaufmann (Wertpapierberater), ehem. KLJB-Vorstand, aktives Mitglied beim FC Hohenthann, Kassier des FCH-F\u00f6rdervereins<\/td><td class=\"column-5\"><img loading=\"lazy\" decoding=\"async\" src=\"https:\/\/fw-hohenthann.de\/wp-content\/uploads\/2025\/12\/251221-theis.jpg\" alt=\"\" width=\"125\" height=\"143\" class=\"alignnone size-full wp-image-2543\" srcset=\"https:\/\/fw-hohenthann.de\/wp-content\/uploads\/2025\/12\/251221-theis.jpg 500w, https:\/\/fw-hohenthann.de\/wp-content\/uploads\/2025\/12\/251221-theis-261x300.jpg 261w\" sizes=\"auto, (max-width: 125px) 100vw, 125px\" \/><\/td>\n<\/tr>\n<tr class=\"row-7\">\n\t<td class=\"column-1\">6<\/td><td class=\"column-2\">Christian Wei\u00df<\/td><td class=\"column-3\">Kirchberg<\/td><td class=\"column-4\">43 J., verheiratet, zwei Kinder, Regierungsrat, Gemeinderat, 2. Vors. Burgsch\u00fctzen Eberstall, aktives Mitglied Feuerwehr Andermannsdorf<\/td><td class=\"column-5\"><img loading=\"lazy\" decoding=\"async\" src=\"https:\/\/fw-hohenthann.de\/wp-content\/uploads\/2025\/12\/251221-weiss.jpg\" alt=\"\" width=\"125\" height=\"143\" class=\"alignnone size-full wp-image-2545\" srcset=\"https:\/\/fw-hohenthann.de\/wp-content\/uploads\/2025\/12\/251221-weiss.jpg 500w, https:\/\/fw-hohenthann.de\/wp-content\/uploads\/2025\/12\/251221-weiss-261x300.jpg 261w\" sizes=\"auto, (max-width: 125px) 100vw, 125px\" \/><\/td>\n<\/tr>\n<tr class=\"row-8\">\n\t<td class=\"column-1\">7<\/td><td class=\"column-2\">Peter Butz<\/td><td class=\"column-3\">Obergambach<\/td><td class=\"column-4\">42 J., verheiratet, 2 Kinder, Schreinermeister<\/td><td class=\"column-5\"><img loading=\"lazy\" decoding=\"async\" src=\"https:\/\/fw-hohenthann.de\/wp-content\/uploads\/2025\/12\/251221-butz.jpg\" alt=\"\" width=\"125\" height=\"143\" class=\"alignnone size-full wp-image-2547\" srcset=\"https:\/\/fw-hohenthann.de\/wp-content\/uploads\/2025\/12\/251221-butz.jpg 500w, https:\/\/fw-hohenthann.de\/wp-content\/uploads\/2025\/12\/251221-butz-261x300.jpg 261w\" sizes=\"auto, (max-width: 125px) 100vw, 125px\" \/><\/td>\n<\/tr>\n<tr class=\"row-9\">\n\t<td class=\"column-1\">8<\/td><td class=\"column-2\">Eva Bambach<\/td><td class=\"column-3\">Hohenthann<\/td><td class=\"column-4\">43 J., verheiratet, ein Kind, Vertriebsinnendienst Schneider Electric, Gr\u00fcndungsmitglied des F\u00f6rderverein Kinderkrippe Zwergenland e.V.<\/td><td class=\"column-5\"><img loading=\"lazy\" decoding=\"async\" src=\"https:\/\/fw-hohenthann.de\/wp-content\/uploads\/2025\/12\/251221-bambach.jpg\" alt=\"\" width=\"125\" height=\"143\" class=\"alignnone size-full wp-image-2549\" srcset=\"https:\/\/fw-hohenthann.de\/wp-content\/uploads\/2025\/12\/251221-bambach.jpg 500w, https:\/\/fw-hohenthann.de\/wp-content\/uploads\/2025\/12\/251221-bambach-261x300.jpg 261w\" sizes=\"auto, (max-width: 125px) 100vw, 125px\" \/><\/td>\n<\/tr>\n<tr class=\"row-10\">\n\t<td class=\"column-1\">9<\/td><td class=\"column-2\">Simon Wieser<\/td><td class=\"column-3\">Hohenthann<\/td><td class=\"column-4\">27 J., ledig, Mechatroniker bei MAN, aktives Mitglied Feuerwehr Hohenthann, Ger\u00e4tewart, Feuerwehrsanit\u00e4ter, Gruppenf\u00fchrer<\/td><td class=\"column-5\"><img loading=\"lazy\" decoding=\"async\" src=\"https:\/\/fw-hohenthann.de\/wp-content\/uploads\/2025\/12\/251221-wieser.jpg\" alt=\"\" width=\"125\" height=\"143\" class=\"alignnone size-full wp-image-2551\" srcset=\"https:\/\/fw-hohenthann.de\/wp-content\/uploads\/2025\/12\/251221-wieser.jpg 500w, https:\/\/fw-hohenthann.de\/wp-content\/uploads\/2025\/12\/251221-wieser-261x300.jpg 261w\" sizes=\"auto, (max-width: 125px) 100vw, 125px\" \/><\/td>\n<\/tr>\n<tr class=\"row-11\">\n\t<td class=\"column-1\">10<\/td><td class=\"column-2\">Rudi Zieglmayer<\/td><td class=\"column-3\">Gambachreuth<\/td><td class=\"column-4\">51 J., ledig, Disponent, Kreis- und Gemeinderat, Vors. FW-Kreisverband Landshut-Land, Mitglied im Pr\u00fcfungsausschuss<\/td><td class=\"column-5\"><img loading=\"lazy\" decoding=\"async\" src=\"https:\/\/fw-hohenthann.de\/wp-content\/uploads\/2025\/12\/251221-zieglmayer.jpg\" alt=\"\" width=\"125\" height=\"143\" class=\"alignnone size-full wp-image-2553\" srcset=\"https:\/\/fw-hohenthann.de\/wp-content\/uploads\/2025\/12\/251221-zieglmayer.jpg 500w, https:\/\/fw-hohenthann.de\/wp-content\/uploads\/2025\/12\/251221-zieglmayer-261x300.jpg 261w\" sizes=\"auto, (max-width: 125px) 100vw, 125px\" \/><\/td>\n<\/tr>\n<tr class=\"row-12\">\n\t<td class=\"column-1\">11<\/td><td class=\"column-2\">Robert Hummel<\/td><td class=\"column-3\">Unkofen<\/td><td class=\"column-4\">51 J., verheiratet, zwei Kinder, Postbeamter im Zustelldienst, Gemeinderat, Vors. FC Hohenthann, aktives Mitglied Feuerwehr Unkofen, Gr\u00fcndungsmitglied Stille Hilfe e.V.<\/td><td class=\"column-5\"><img loading=\"lazy\" decoding=\"async\" src=\"https:\/\/fw-hohenthann.de\/wp-content\/uploads\/2025\/12\/251221-hummel.jpg\" alt=\"\" width=\"125\" height=\"143\" class=\"alignnone size-full wp-image-2555\" srcset=\"https:\/\/fw-hohenthann.de\/wp-content\/uploads\/2025\/12\/251221-hummel.jpg 500w, https:\/\/fw-hohenthann.de\/wp-content\/uploads\/2025\/12\/251221-hummel-261x300.jpg 261w\" sizes=\"auto, (max-width: 125px) 100vw, 125px\" \/><\/td>\n<\/tr>\n<tr class=\"row-13\">\n\t<td class=\"column-1\">12<\/td><td class=\"column-2\">Johannes Zenger<\/td><td class=\"column-3\">Hohenthann<\/td><td class=\"column-4\">44 J., verheiratet, drei Kinder, Dipl.-Bauingenieur (FH), Gemeinderat, aktives Mitglied Feuerwehr Hohenthann, Mitglied beim FC Hohenthann<\/td><td class=\"column-5\"><img loading=\"lazy\" decoding=\"async\" src=\"https:\/\/fw-hohenthann.de\/wp-content\/uploads\/2025\/12\/251221-zenger-johannes.jpg\" alt=\"\" width=\"125\" height=\"143\" class=\"alignnone size-full wp-image-2557\" srcset=\"https:\/\/fw-hohenthann.de\/wp-content\/uploads\/2025\/12\/251221-zenger-johannes.jpg 500w, https:\/\/fw-hohenthann.de\/wp-content\/uploads\/2025\/12\/251221-zenger-johannes-261x300.jpg 261w\" sizes=\"auto, (max-width: 125px) 100vw, 125px\" \/><\/td>\n<\/tr>\n<tr class=\"row-14\">\n\t<td class=\"column-1\"><\/td><td class=\"column-2\"><\/td><td class=\"column-3\"><\/td><td class=\"column-4\"><\/td><td class=\"column-5\"><\/td>\n<\/tr>\n<\/tbody>\n<\/table>\n<!-- #tablepress-22 from cache -->\n\n<h2 id=\"tablepress-23-name\" class=\"tablepress-table-name tablepress-table-name-id-23\">Unsere Kandidaten 2026 f\u00fcr den Kreistag<\/h2>\n\n<table id=\"tablepress-23\" class=\"tablepress tablepress-id-23\" aria-labelledby=\"tablepress-23-name\">\n<thead>\n<tr class=\"row-1\">\n\t<th class=\"column-1\">Freie W\u00e4hler im Landkreis Landshut<\/th><th class=\"column-2\"><a href=\"https:\/\/www.fw-landkreis-landshut.de\/\" target=\"_blank\">Freie W\u00e4hler im Landkreis Landshut<\/a><\/th>\n<\/tr>\n<\/thead>\n<tbody class=\"row-striping row-hover\">\n<tr class=\"row-2\">\n\t<td class=\"column-1\">Rudi Zieglmayer<br \/>\nGambachreuth<br \/>\nPlatz 305<\/td><td class=\"column-2\"><img loading=\"lazy\" decoding=\"async\" src=\"https:\/\/fw-hohenthann.de\/wp-content\/uploads\/2025\/12\/251221-zieglmayer.jpg\" alt=\"\" width=\"125\" height=\"143\" class=\"alignnone size-full wp-image-2553\" srcset=\"https:\/\/fw-hohenthann.de\/wp-content\/uploads\/2025\/12\/251221-zieglmayer.jpg 500w, https:\/\/fw-hohenthann.de\/wp-content\/uploads\/2025\/12\/251221-zieglmayer-261x300.jpg 261w\" sizes=\"auto, (max-width: 125px) 100vw, 125px\" \/><\/td>\n<\/tr>\n<tr class=\"row-3\">\n\t<td class=\"column-1\">Johann Zenger<br \/>\nHohenthann<br \/>\nPlatz 323<\/td><td class=\"column-2\"><img loading=\"lazy\" decoding=\"async\" src=\"https:\/\/fw-hohenthann.de\/wp-content\/uploads\/2025\/12\/251221-zenger-sen.jpg\" alt=\"\" width=\"125\" height=\"143\" class=\"alignnone size-full wp-image-2595\" srcset=\"https:\/\/fw-hohenthann.de\/wp-content\/uploads\/2025\/12\/251221-zenger-sen.jpg 523w, https:\/\/fw-hohenthann.de\/wp-content\/uploads\/2025\/12\/251221-zenger-sen-262x300.jpg 262w\" sizes=\"auto, (max-width: 125px) 100vw, 125px\" \/><\/td>\n<\/tr>\n<\/tbody>\n<\/table>\n<!-- #tablepress-23 from cache -->\n\n<h2 id=\"tablepress-24-name\" class=\"tablepress-table-name tablepress-table-name-id-24\">Unser Freier W\u00e4hler Kandidat 2026 f\u00fcr das Amt des Landrates<\/h2>\n\n<table id=\"tablepress-24\" class=\"tablepress tablepress-id-24\" aria-labelledby=\"tablepress-24-name\">\n<thead>\n<tr class=\"row-1\">\n\t<th class=\"column-1\">Alfred Holzner<br \/>\nRottenburg a.d.Laaber<\/th><th class=\"column-2\"><img loading=\"lazy\" decoding=\"async\" src=\"https:\/\/fw-hohenthann.de\/wp-content\/uploads\/2025\/12\/251230-holzner-alfred.jpg\" alt=\"\" width=\"250\" height=\"211\" class=\"alignnone size-full wp-image-2605\" srcset=\"https:\/\/fw-hohenthann.de\/wp-content\/uploads\/2025\/12\/251230-holzner-alfred.jpg 1440w, https:\/\/fw-hohenthann.de\/wp-content\/uploads\/2025\/12\/251230-holzner-alfred-300x254.jpg 300w, https:\/\/fw-hohenthann.de\/wp-content\/uploads\/2025\/12\/251230-holzner-alfred-1024x868.jpg 1024w, https:\/\/fw-hohenthann.de\/wp-content\/uploads\/2025\/12\/251230-holzner-alfred-768x651.jpg 768w\" sizes=\"auto, (max-width: 250px) 100vw, 250px\" \/><\/th>\n<\/tr>\n<\/thead>\n<tbody class=\"row-striping row-hover\">\n<tr class=\"row-2\">\n\t<td class=\"column-1\">Homepage von Alfred Holzner<\/td><td class=\"column-2\"><a href=\"https:\/\/www.alfred-holzner.de\/\" target=\"_blank\">Homepage von Alfred Holzner<\/a><\/td>\n<\/tr>\n<\/tbody>\n<\/table>\n<!-- #tablepress-24 from cache -->","protected":false},"excerpt":{"rendered":"<p>11.03.2026Vorl\u00e4ufiges Ergebnis der Gemeinderatswahl.Unsere sechs gew\u00e4hlten Kandidaten:Zieglmayer RudiZenger JohannesBlechschmidt StefanHummel RobertHaumberger AlexanderButz PeterWir bedanken uns f\u00fcr Ihr Vertrauen. Wahl der Gemeinder\u00e4te | Wahl zum Amt des B\u00fcrgermeistersWahl der Kreisr\u00e4te | Wahl zum Amt des LandratesInfos zu Terminen, Wahlrecht und Ablauf klick &gt;hier&lt; Die Freien W\u00e4hler Hohenthann stellen sich zur WahlB\u00fcrgernah | Ehrlich | Gemeinsam starkUnterst\u00fctzen &hellip; <\/p>\n<p class=\"link-more\"><a href=\"https:\/\/fw-hohenthann.de\/?page_id=2372\" class=\"more-link\"><span class=\"screen-reader-text\">\u201eKommunalwahl am Sonntag, den 08. M\u00e4rz 2026\u201c <\/span>weiterlesen<\/a><\/p>\n","protected":false},"author":1,"featured_media":0,"parent":0,"menu_order":0,"comment_status":"closed","ping_status":"closed","template":"","meta":{"footnotes":""},"class_list":["post-2372","page","type-page","status-publish","hentry"],"_links":{"self":[{"href":"https:\/\/fw-hohenthann.de\/index.php?rest_route=\/wp\/v2\/pages\/2372","targetHints":{"allow":["GET"]}}],"collection":[{"href":"https:\/\/fw-hohenthann.de\/index.php?rest_route=\/wp\/v2\/pages"}],"about":[{"href":"https:\/\/fw-hohenthann.de\/index.php?rest_route=\/wp\/v2\/types\/page"}],"author":[{"embeddable":true,"href":"https:\/\/fw-hohenthann.de\/index.php?rest_route=\/wp\/v2\/users\/1"}],"replies":[{"embeddable":true,"href":"https:\/\/fw-hohenthann.de\/index.php?rest_route=%2Fwp%2Fv2%2Fcomments&post=2372"}],"version-history":[{"count":85,"href":"https:\/\/fw-hohenthann.de\/index.php?rest_route=\/wp\/v2\/pages\/2372\/revisions"}],"predecessor-version":[{"id":2667,"href":"https:\/\/fw-hohenthann.de\/index.php?rest_route=\/wp\/v2\/pages\/2372\/revisions\/2667"}],"wp:attachment":[{"href":"https:\/\/fw-hohenthann.de\/index.php?rest_route=%2Fwp%2Fv2%2Fmedia&parent=2372"}],"curies":[{"name":"wp","href":"https:\/\/api.w.org\/{rel}","templated":true}]}}