{"id":56,"date":"2017-08-26T11:05:00","date_gmt":"2017-08-26T11:05:00","guid":{"rendered":"http:\/\/fw-hohenthann.de\/?page_id=56"},"modified":"2023-07-05T19:34:33","modified_gmt":"2023-07-05T19:34:33","slug":"politische-arbeit","status":"publish","type":"page","link":"https:\/\/fw-hohenthann.de\/?page_id=56","title":{"rendered":"Politische Arbeit"},"content":{"rendered":"\n<p class=\"has-yellow-background-color has-background\"><strong>Unsere Gemeinder\u00e4te <\/strong>(ab Mai 2020)<\/p>\n\n\n\n\n<table id=\"tablepress-19\" class=\"tablepress tablepress-id-19\">\n<tbody class=\"row-striping row-hover\">\n<tr class=\"row-1\">\n\t<td class=\"column-1\"><img loading=\"lazy\" decoding=\"async\" src=\"http:\/\/fw-hohenthann.de\/wp-content\/uploads\/2019\/12\/2019-1-rudi-zieglmayer.jpg\" alt=\"\" width=\"150\" height=\"150\" class=\"alignnone size-full wp-image-888\" \/><\/td><td class=\"column-2\"><img loading=\"lazy\" decoding=\"async\" src=\"http:\/\/fw-hohenthann.de\/wp-content\/uploads\/2019\/12\/2019-16-johannes-zenger.jpg\" alt=\"\" width=\"150\" height=\"150\" class=\"alignnone size-full wp-image-916\" \/><\/td><td class=\"column-3\"><img loading=\"lazy\" decoding=\"async\" src=\"http:\/\/fw-hohenthann.de\/wp-content\/uploads\/2019\/12\/2019-4-stefan-blechschmidt.jpg\" alt=\"\" width=\"150\" height=\"150\" class=\"alignnone size-full wp-image-866\" \/><\/td>\n<\/tr>\n<tr class=\"row-2\">\n\t<td class=\"column-1\">Rudi Zieglmayer<\/td><td class=\"column-2\">Johannes Zenger<\/td><td class=\"column-3\">Stefan Blechschmidt<\/td>\n<\/tr>\n<tr class=\"row-3\">\n\t<td class=\"column-1\"><img loading=\"lazy\" decoding=\"async\" src=\"http:\/\/fw-hohenthann.de\/wp-content\/uploads\/2019\/12\/2019-2-werner-m\u00fcller.jpg\" alt=\"\" width=\"150\" height=\"150\" class=\"alignnone size-full wp-image-868\" \/><\/td><td class=\"column-2\"><img loading=\"lazy\" decoding=\"async\" src=\"http:\/\/fw-hohenthann.de\/wp-content\/uploads\/2019\/11\/2019-6-simon-hopfensberger.jpg\" alt=\"\" width=\"150\" height=\"150\" class=\"alignnone size-full wp-image-853\" \/><\/td><td class=\"column-3\"><img loading=\"lazy\" decoding=\"async\" src=\"http:\/\/fw-hohenthann.de\/wp-content\/uploads\/2019\/12\/2019-15-robert-hummel.jpg\" alt=\"\" width=\"150\" height=\"150\" class=\"alignnone size-full wp-image-915\" \/><\/td>\n<\/tr>\n<tr class=\"row-4\">\n\t<td class=\"column-1\">Werner M\u00fcller<\/td><td class=\"column-2\">Andreas Krieger<\/td><td class=\"column-3\">Robert Hummel<\/td>\n<\/tr>\n<tr class=\"row-5\">\n\t<td class=\"column-1\"><\/td><td class=\"column-2\"><img loading=\"lazy\" decoding=\"async\" src=\"https:\/\/fw-hohenthann.de\/wp-content\/uploads\/2019\/12\/2019-10-christian-weiss.jpg\" alt=\"\" width=\"150\" height=\"150\" class=\"alignnone size-full wp-image-881\" \/><\/td><td class=\"column-3\"><\/td>\n<\/tr>\n<tr class=\"row-6\">\n\t<td class=\"column-1\"><\/td><td class=\"column-2\">Christian Wei\u00df<\/td><td class=\"column-3\"><\/td>\n<\/tr>\n<\/tbody>\n<\/table>\n<!-- #tablepress-19 from cache -->\n\n\n<ul>\n<li><strong>Unsere Gemeinder\u00e4te<\/strong> (Stand August 2017)\n<ul>\n<li>Stefan Blechschmidt<\/li>\n<li>Robert M\u00fcller<\/li>\n<li>Leo Geltl<\/li>\n<li>Werner M\u00fcller (Fraktionssprecher)<\/li>\n<li>Rudolf Zieglmayer<\/li>\n<li>Johann Zenger<\/li>\n<\/ul>\n<\/li>\n<\/ul>\n\n<table id=\"tablepress-1\" class=\"tablepress tablepress-id-1\">\n<tbody>\n<tr class=\"row-1\">\n\t<td class=\"column-1\"><figure id=\"attachment_93\" aria-describedby=\"caption-attachment-93\" style=\"width: 150px\" class=\"wp-caption alignnone\"><img loading=\"lazy\" decoding=\"async\" src=\"http:\/\/fw-hohenthann.de\/wp-content\/uploads\/2017\/08\/108131-Blechschmidt.jpg\" alt=\"\" width=\"150\" height=\"150\" class=\"size-full wp-image-93\" \/><figcaption id=\"caption-attachment-93\" class=\"wp-caption-text\">Stefan Blechschmidt<\/figcaption><\/figure><\/td><td class=\"column-2\"><figure id=\"attachment_94\" aria-describedby=\"caption-attachment-94\" style=\"width: 150px\" class=\"wp-caption alignnone\"><img loading=\"lazy\" decoding=\"async\" src=\"http:\/\/fw-hohenthann.de\/wp-content\/uploads\/2017\/08\/108131-Mueller-Robert.jpg\" alt=\"\" width=\"150\" height=\"150\" class=\"size-full wp-image-94\" \/><figcaption id=\"caption-attachment-94\" class=\"wp-caption-text\">Robert M\u00fcller<\/figcaption><\/figure><\/td><td class=\"column-3\"><figure id=\"attachment_95\" aria-describedby=\"caption-attachment-95\" style=\"width: 150px\" class=\"wp-caption alignnone\"><img loading=\"lazy\" decoding=\"async\" src=\"http:\/\/fw-hohenthann.de\/wp-content\/uploads\/2017\/08\/108131-Geltl.jpg\" alt=\"\" width=\"150\" height=\"150\" class=\"size-full wp-image-95\" \/><figcaption id=\"caption-attachment-95\" class=\"wp-caption-text\">Leo Geltl<\/figcaption><\/figure><\/td>\n<\/tr>\n<tr class=\"row-2\">\n\t<td class=\"column-1\"><figure id=\"attachment_103\" aria-describedby=\"caption-attachment-103\" style=\"width: 150px\" class=\"wp-caption alignnone\"><img loading=\"lazy\" decoding=\"async\" src=\"http:\/\/fw-hohenthann.de\/wp-content\/uploads\/2017\/08\/108131-Mueller-Werner.jpg\" alt=\"\" width=\"150\" height=\"150\" class=\"size-full wp-image-103\" \/><figcaption id=\"caption-attachment-103\" class=\"wp-caption-text\">Werner M\u00fcller<\/figcaption><\/figure><\/td><td class=\"column-2\"><figure id=\"attachment_106\" aria-describedby=\"caption-attachment-106\" style=\"width: 150px\" class=\"wp-caption alignnone\"><img loading=\"lazy\" decoding=\"async\" src=\"http:\/\/fw-hohenthann.de\/wp-content\/uploads\/2017\/08\/108131-Zieglmayer.jpg\" alt=\"\" width=\"150\" height=\"150\" class=\"size-full wp-image-106\" \/><figcaption id=\"caption-attachment-106\" class=\"wp-caption-text\">Rudolf Zieglmayer<\/figcaption><\/figure><\/td><td class=\"column-3\"><figure id=\"attachment_107\" aria-describedby=\"caption-attachment-107\" style=\"width: 150px\" class=\"wp-caption alignnone\"><img loading=\"lazy\" decoding=\"async\" src=\"http:\/\/fw-hohenthann.de\/wp-content\/uploads\/2017\/08\/107105-zenger.jpg\" alt=\"\" width=\"150\" height=\"150\" class=\"size-full wp-image-107\" \/><figcaption id=\"caption-attachment-107\" class=\"wp-caption-text\">Johann Zenger<\/figcaption><\/figure><\/td>\n<\/tr>\n<\/tbody>\n<\/table>\n<!-- #tablepress-1 from cache -->\n<hr \/>\n<ul>\n<li><strong>Unsere konstruktiven Antr\u00e4ge im Gemeinderat<br \/><\/strong>\n<p>\u00a0<\/p>\n<ul>\n<li><strong><a href=\"https:\/\/fw-hohenthann.de\/wp-content\/uploads\/2017\/08\/170315_Radweg_Weihenstephan_Hohenthann.pdf\" target=\"_blank\" rel=\"noopener noreferrer\">170315_Radweg_Weihenstephan_Hohenthann<\/a> <\/strong><\/li>\n<li><strong><a href=\"https:\/\/fw-hohenthann.de\/wp-content\/uploads\/2017\/08\/170306_T\u00fcrkenfeld_Gel\u00e4nder.pdf\" target=\"_blank\" rel=\"noopener noreferrer\">170306_T\u00fcrkenfeld_Gel\u00e4nder<\/a> <\/strong><\/li>\n<li><strong><a href=\"https:\/\/fw-hohenthann.de\/wp-content\/uploads\/2017\/08\/170306_Radweg_Schmatzhausen_T\u00fcrkenfeld.pdf\" target=\"_blank\" rel=\"noopener noreferrer\">170306_Radweg_Schmatzhausen_T\u00fcrkenfeld<\/a> <\/strong><\/li>\n<li><strong><a href=\"https:\/\/fw-hohenthann.de\/wp-content\/uploads\/2017\/08\/170210_VO_Wahlplakate.pdf\" target=\"_blank\" rel=\"noopener noreferrer\">170210_VO_Wahlplakate<\/a> <a href=\"https:\/\/fw-hohenthann.de\/wp-content\/uploads\/2017\/08\/170210_Judoraum_Hohenthann.pdf\" target=\"_blank\" rel=\"noopener noreferrer\">170210_Judoraum_Hohenthann<\/a><\/strong><\/li>\n<li><strong> <a href=\"https:\/\/fw-hohenthann.de\/wp-content\/uploads\/2017\/08\/170608_-Bebauungsgebiet_-Weihenstephan.pdf\" target=\"_blank\" rel=\"noopener noreferrer\">170608_ Bebauungsgebiet_ Weihenstephan<\/a><br \/><\/strong><\/li>\n<li><a href=\"https:\/\/fw-hohenthann.de\/wp-content\/uploads\/2018\/10\/181010_Kreuzung_T\u00fcrkenfeld.pdf\" target=\"_blank\" rel=\"noopener noreferrer\">181010_Kreuzung_T\u00fcrkenfeld<\/a><\/li>\n<li><a href=\"https:\/\/fw-hohenthann.de\/wp-content\/uploads\/2020\/07\/20200526_Antrag-Livestream.pdf\" target=\"_blank\" rel=\"noopener noreferrer\">200112_Gigabit_Offensive<\/a><\/li>\n<li><a href=\"https:\/\/fw-hohenthann.de\/wp-content\/uploads\/2020\/07\/20200526_Antrag-Livestream.pdf\" target=\"_blank\" rel=\"noopener noreferrer\">200526_Livestream<\/a><\/li>\n<li><a href=\"https:\/\/fw-hohenthann.de\/wp-content\/uploads\/2020\/08\/200810-Kreuzung-T\u00fcrkenfeld.pdf\" target=\"_blank\" rel=\"noopener noreferrer\">200810-Kreuzung-T\u00fcrkenfeld<\/a><\/li>\n<li><a href=\"https:\/\/fw-hohenthann.de\/wp-content\/uploads\/2021\/02\/210203-Antrag-dig-Buergerinfo.pdf\" target=\"_blank\" rel=\"noopener\">210203-digitale-B\u00fcrgerinfo<\/a><\/li>\n<li><a href=\"https:\/\/fw-hohenthann.de\/wp-content\/uploads\/2021\/02\/210203-Antrag-Radwege.pdf\" target=\"_blank\" rel=\"noopener\">210203-Radwege<\/a><\/li>\n<li><a href=\"https:\/\/fw-hohenthann.de\/wp-content\/uploads\/2023\/03\/230130-Windenergie.pdf\" target=\"_blank\" rel=\"noopener\">230130-Wind-Energie.pdf<\/a><\/li>\n<li><a href=\"https:\/\/fw-hohenthann.de\/wp-content\/uploads\/2023\/03\/230110-Jugendfoerderung.pdf\" target=\"_blank\" rel=\"noopener\">230110-Jugendf\u00f6rderung.pdf<\/a><\/li>\n<li><a href=\"https:\/\/fw-hohenthann.de\/wp-content\/uploads\/2023\/07\/230613-Antrag-Windenergie-Konkretisierung.pdf\" target=\"_blank\" rel=\"noopener\">230613-Antrag-Wind-Energie-Konkretisierung.pdf<\/a><\/li>\n<\/ul>\n<\/li>\n<\/ul>\n<hr \/>\n<ul>\n<li><strong>Unsere Stellungnahmen<\/strong>\n<ul>\n<li><a href=\"https:\/\/fw-hohenthann.de\/wp-content\/uploads\/2017\/08\/171111_Kreiselpflege_Weihenstephan.pdf\" target=\"_blank\" rel=\"noopener noreferrer\">171111_Kreiselpflege_Weihenstephan<\/a><\/li>\n<\/ul>\n<\/li>\n<\/ul>","protected":false},"excerpt":{"rendered":"<p>Unsere Gemeinder\u00e4te (ab Mai 2020) Unsere Gemeinder\u00e4te (Stand August 2017) Stefan Blechschmidt Robert M\u00fcller Leo Geltl Werner M\u00fcller (Fraktionssprecher) Rudolf Zieglmayer Johann Zenger Unsere konstruktiven Antr\u00e4ge im Gemeinderat \u00a0 170315_Radweg_Weihenstephan_Hohenthann 170306_T\u00fcrkenfeld_Gel\u00e4nder 170306_Radweg_Schmatzhausen_T\u00fcrkenfeld 170210_VO_Wahlplakate 170210_Judoraum_Hohenthann 170608_ Bebauungsgebiet_ Weihenstephan 181010_Kreuzung_T\u00fcrkenfeld 200112_Gigabit_Offensive 200526_Livestream 200810-Kreuzung-T\u00fcrkenfeld 210203-digitale-B\u00fcrgerinfo 210203-Radwege 230130-Wind-Energie.pdf 230110-Jugendf\u00f6rderung.pdf 230613-Antrag-Wind-Energie-Konkretisierung.pdf Unsere Stellungnahmen 171111_Kreiselpflege_Weihenstephan<\/p>\n","protected":false},"author":1,"featured_media":0,"parent":0,"menu_order":0,"comment_status":"closed","ping_status":"closed","template":"","meta":{"footnotes":""},"class_list":["post-56","page","type-page","status-publish","hentry"],"_links":{"self":[{"href":"https:\/\/fw-hohenthann.de\/index.php?rest_route=\/wp\/v2\/pages\/56","targetHints":{"allow":["GET"]}}],"collection":[{"href":"https:\/\/fw-hohenthann.de\/index.php?rest_route=\/wp\/v2\/pages"}],"about":[{"href":"https:\/\/fw-hohenthann.de\/index.php?rest_route=\/wp\/v2\/types\/page"}],"author":[{"embeddable":true,"href":"https:\/\/fw-hohenthann.de\/index.php?rest_route=\/wp\/v2\/users\/1"}],"replies":[{"embeddable":true,"href":"https:\/\/fw-hohenthann.de\/index.php?rest_route=%2Fwp%2Fv2%2Fcomments&post=56"}],"version-history":[{"count":47,"href":"https:\/\/fw-hohenthann.de\/index.php?rest_route=\/wp\/v2\/pages\/56\/revisions"}],"predecessor-version":[{"id":2011,"href":"https:\/\/fw-hohenthann.de\/index.php?rest_route=\/wp\/v2\/pages\/56\/revisions\/2011"}],"wp:attachment":[{"href":"https:\/\/fw-hohenthann.de\/index.php?rest_route=%2Fwp%2Fv2%2Fmedia&parent=56"}],"curies":[{"name":"wp","href":"https:\/\/api.w.org\/{rel}","templated":true}]}}